{"id":96,"date":"2023-09-04T12:12:50","date_gmt":"2023-09-04T10:12:50","guid":{"rendered":"https:\/\/osteopathe-divonne.com\/?page_id=96"},"modified":"2023-09-26T15:36:23","modified_gmt":"2023-09-26T13:36:23","slug":"ados-adultes","status":"publish","type":"page","link":"https:\/\/osteopathe-divonne.com\/index.php\/ados-adultes\/","title":{"rendered":"Ados \/ Adultes"},"content":{"rendered":"\n\n\n<p><\/p>\n\n\n\n<img decoding=\"async\" src=\"\/images\/adosadulte.jpg\" style=\"width:100%\" \/><br \/><br \/>\n<h2>L&#8217;ost\u00e9opathie pour les ados \/ adultes<\/h2>\nL\u2019ost\u00e9opathe peut vous aider au cours de chaque p\u00e9riode de la vie : suite \u00e0 des traumatismes, des op\u00e9rations chirurgicales, lors de la pratique d\u2019une activit\u00e9 sportive mais aussi pour d\u2019autres perturbations comme les troubles du sommeil, du cycle hormonal chez la femme  &#8230;\n<br \/>\n<br \/>\nVous allez d\u00e9couvrir ci-dessous les principaux motifs de consultation chez un ost\u00e9opathe selon les diff\u00e9rentes parties du corps humain.\n<br \/><br \/>\n<h5>PRINCIPAUX MOTIFS DE CONSULTATION<\/h5>\n\n\n    <button class=\"accordion\">T\u00eate<\/button>\n    <div class=\"panel\">\n        <ul>\n            <li>Les maux de t\u00eate : C\u00e9phal\u00e9e \/ Migraine, Vertiges, Acouph\u00e8nes r\u00e9cents<\/li>\n            <li>Perturbations ORL: Otites, Sinusites, Rhino, Angines &#8230;<\/li>\n            <li>Post chirurgie:  Extraction dents de sagesse, Chirurgie Orthodontique &#8230;<\/li>\n        <\/ul>\n    <\/div>\n\n    <button class=\"accordion\">Thorax<\/button>\n    <div class=\"panel\">\n        <ul>\n            <li>Essoufflement, Asthme, Oppression thoracique &#8230;<\/li>\n            <li>Apr\u00e8s un traumatisme<\/li>\n            <li>Bronchite \/ Bronchiolite \u00e0 r\u00e9p\u00e9tition<\/li>\n            <li>Post chirurgie pulmonaire et cardiaque<\/li>\n        <\/ul>\n    <\/div>\n\n    <button class=\"accordion\">Abdomen<\/button>\n    <div class=\"panel\">\n        <ul>\n            <li>Constipation, Diarrh\u00e9es, Naus\u00e9es, Reflux, Pesanteur abdomino-pelvienne, Ballonnements &#8230;<\/li>\n        <\/ul>\n    <\/div>\n\n    <button class=\"accordion\">Uro-gyn\u00e9co<\/button>\n    <div class=\"panel\">\n        <ul>\n            <li>Trouble du cycle f\u00e9minin, Douleurs lors des r\u00e8gles<\/li>\n            <li>Douleurs lors des rapports<\/li>\n            <li>Troubles hormonaux et suivi lors de la m\u00e9nopause : Bouff\u00e9es de chaleurs etc &#8230;<\/li>\n        <\/ul>\n    <\/div>\n\n    <button class=\"accordion\">Colonne et membres<\/button>\n    <div class=\"panel\">\n        <ul>\n            <li>Suivi de scoliose \/ cyphose<\/li>\n            <li>Douleur rachidienne (cervicales \/ dorsales \/ lombaires \/ sacr\u00e9 \/ coccyx)<\/li>\n            <li>Suite \u00e0 des traumatismes : chutes sur les fesses, entorses de cheville ou de genou, luxation de coude ou d\u2019\u00e9paule &#8230;<\/li>\n            <li>suite \u00e0 des fractures<\/li>\n            <li>Suite \u00e0 un accident de voiture<\/li>\n        <\/ul>\n    <\/div>\n\n    <button class=\"accordion\">Comportement<\/button>\n    <div class=\"panel\">\n        <ul>\n            <li>Trouble de la concentration, Irritabilit\u00e9, Angoisses, Perte de moral, D\u00e9pression, Stress, Burn-out &#8230;<\/li>\n        <\/ul>\n    <\/div>\n\n    <button class=\"accordion\">Troubles du sommeil et du d\u00e9veloppement<\/button>\n    <div class=\"panel\">\n        <ul>\n            <li>Trouble de l\u2019endormissement, Insomnie<\/li>\n            <li>Manque de confiance en soi<\/li>\n            <li>les DYS comme la dyslexie &#8230;<\/li>\n        <\/ul>\n    <\/div>\n\n    <button class=\"accordion\">Bilan et pr\u00e9vention<\/button>\n    <div class=\"panel\">\n<br \/>\n        L\u2019ost\u00e9opathe est souvent consult\u00e9 en crise, soit cons\u00e9cutivement \u00e0 un traumatisme, un faux mouvement, sur un terrain d\u00e9j\u00e0 fragilis\u00e9. Pourtant, il vaut mieux pr\u00e9venir que gu\u00e9rir &#8230;<br \/><br \/>\n        Consulter <b>1 ou 2 fois par an<\/b> pour une v\u00e9rification de votre \u00e9tat de sant\u00e9 ost\u00e9opathique peut aider \u00e0 limiter, voire \u00e0 \u00e9viter les futures douleurs, troubles musculaires, articulaires, neurologiques et digestives &#8230;<br \/><br \/>\n        L\u2019ost\u00e9opathie a un <b>r\u00f4le pr\u00e9ventif<\/b> et vous permettra de vivre en harmonie et d\u2019\u00e9viter de nombreuses douleurs et contraintes.<br \/\n    <\/div>\n\n\n<script>\n    var acc = document.getElementsByClassName(\"accordion\");\n    var i;\n\n\n    for (i = 0; i < acc.length; i++) {\n        acc[i].addEventListener(\"click\", function () {\n            if (!this.classList.contains(\"active\")) {\n                for (j = 0; j < acc.length; j++) {\n                    acc[j].classList.remove(\"active\");\n                    acc[j].nextElementSibling.style.maxHeight = null;\n                }\n            }\n\n            this.classList.toggle(\"active\");\n            var panel = this.nextElementSibling;\n            if (panel.style.maxHeight) {\n                panel.style.maxHeight = null;\n            } else {\n                panel.style.maxHeight = panel.scrollHeight + \"px\";\n            }\n        });\n    }\n<\/script>\n","protected":false},"excerpt":{"rendered":"<p>L&#8217;ost\u00e9opathie pour les ados \/ adultes L\u2019ost\u00e9opathe peut vous aider au cours de chaque p\u00e9riode de la vie : suite \u00e0 des traumatismes, des op\u00e9rations chirurgicales, lors de la pratique d\u2019une activit\u00e9 sportive mais aussi pour d\u2019autres perturbations comme les troubles du sommeil, du cycle hormonal chez la femme &#8230; Vous allez d\u00e9couvrir ci-dessous les &hellip;<\/p>\n<p class=\"read-more\"> <a class=\"\" href=\"https:\/\/osteopathe-divonne.com\/index.php\/ados-adultes\/\"> <span class=\"screen-reader-text\">Ados \/ Adultes<\/span> Read More &raquo;<\/a><\/p>\n","protected":false},"author":1,"featured_media":0,"parent":0,"menu_order":0,"comment_status":"closed","ping_status":"closed","template":"","meta":{"site-sidebar-layout":"default","site-content-layout":"","ast-site-content-layout":"","site-content-style":"default","site-sidebar-style":"default","ast-global-header-display":"","ast-banner-title-visibility":"","ast-main-header-display":"","ast-hfb-above-header-display":"","ast-hfb-below-header-display":"","ast-hfb-mobile-header-display":"","site-post-title":"","ast-breadcrumbs-content":"","ast-featured-img":"","footer-sml-layout":"","theme-transparent-header-meta":"","adv-header-id-meta":"","stick-header-meta":"","header-above-stick-meta":"","header-main-stick-meta":"","header-below-stick-meta":"","astra-migrate-meta-layouts":"","footnotes":""},"class_list":["post-96","page","type-page","status-publish","hentry"],"_links":{"self":[{"href":"https:\/\/osteopathe-divonne.com\/index.php\/wp-json\/wp\/v2\/pages\/96","targetHints":{"allow":["GET"]}}],"collection":[{"href":"https:\/\/osteopathe-divonne.com\/index.php\/wp-json\/wp\/v2\/pages"}],"about":[{"href":"https:\/\/osteopathe-divonne.com\/index.php\/wp-json\/wp\/v2\/types\/page"}],"author":[{"embeddable":true,"href":"https:\/\/osteopathe-divonne.com\/index.php\/wp-json\/wp\/v2\/users\/1"}],"replies":[{"embeddable":true,"href":"https:\/\/osteopathe-divonne.com\/index.php\/wp-json\/wp\/v2\/comments?post=96"}],"version-history":[{"count":9,"href":"https:\/\/osteopathe-divonne.com\/index.php\/wp-json\/wp\/v2\/pages\/96\/revisions"}],"predecessor-version":[{"id":305,"href":"https:\/\/osteopathe-divonne.com\/index.php\/wp-json\/wp\/v2\/pages\/96\/revisions\/305"}],"wp:attachment":[{"href":"https:\/\/osteopathe-divonne.com\/index.php\/wp-json\/wp\/v2\/media?parent=96"}],"curies":[{"name":"wp","href":"https:\/\/api.w.org\/{rel}","templated":true}]}}