{"id":95,"date":"2023-09-04T12:27:08","date_gmt":"2023-09-04T10:27:08","guid":{"rendered":"https:\/\/osteopathe-divonne.com\/?page_id=95"},"modified":"2023-09-26T15:28:37","modified_gmt":"2023-09-26T13:28:37","slug":"enfants","status":"publish","type":"page","link":"https:\/\/osteopathe-divonne.com\/index.php\/enfants\/","title":{"rendered":"Enfants"},"content":{"rendered":"\n<img decoding=\"async\" src=\"\/images\/enfants.jpg\" style=\"width:100%\" \/>\n<br \/>\n<br \/>\n<h2>L\u2019ost\u00e9opathie pour les enfants<\/h2>\n\nLes enfants de 2 ans \u00e0 la pubert\u00e9 sont soumis \u00e0 des perturbateurs de l\u2019\u00e9quilibre g\u00e9n\u00e9ral : le cartable, l\u2019appareil dentaire, les lunettes, semelles, traumatismes lors de leur activit\u00e9 sportive \u2026 Ce sont autant de dysfonctionnements qui peuvent les affecter durablement.\n<br \/>\n<br \/>\nPar exemple la pose d\u2019un appareil dentaire peut entrainer un d\u00e9s\u00e9quilibre de la fonction cr\u00e2nienne. Surgissent alors des maux de t\u00eate, de l\u2019irritabilit\u00e9, des troubles de la concentration, du sommeil etc\u2026\n<br \/>\n<br>\n<h5>PRINCIPAUX MOTIFS DE CONSULTATION<\/h5>\n<div style=\"width:100%;display:block;margin:0px;\">\n    <button class=\"accordion\">T\u00eate<\/button>\n    <div class=\"panel\">\n        <ul>\n            <li>Les maux de t\u00eate : C\u00e9phal\u00e9e \/ Migraine, Vertiges, Acouph\u00e8nes r\u00e9cents<\/li>\n            <li>Perturbations ORL : Otites, Sinusites, Rhinos, Angines<\/li>\n            <li>Certains strabismes<\/li>\n            <li>Traitement orthodontie: appareils dentaires, goutti\u00e8res etc &#8230;<\/li>\n        <\/ul>\n    <\/div>\n    <button class=\"accordion\">Thorax<\/button>\n    <div class=\"panel\">\n        <ul>\n            <li>Essoufflement, Asthme, Oppression thoracique ou apr\u00e8s un traumatisme<\/li>\n            <li>Bronchites \/ Bronchiolites \u00e0 r\u00e9p\u00e9tition<\/li>\n            <li>Constipation, Naus\u00e9es, Douleurs abdominales<\/li>\n        <\/ul>\n    <\/div>\n\n    <button class=\"accordion\">Abdomen<\/button>\n    <div class=\"panel\">\n        <br \/>\n        <li>Constipation, Naus\u00e9es, Douleurs abdominales<\/li>\n        <br \/>\n    <\/div>\n    <button class=\"accordion\">Uro-gyn\u00e9co<\/button>\n    <div class=\"panel\">\n        <br \/>\n        <li>Enur\u00e9sie<\/li>\n        <br \/>\n    <\/div>\n\n    <button class=\"accordion\">Colonne et membres<\/button>\n    <div class=\"panel\">\n        <ul>\n            <li>Suivi de scoliose \/ cyphose<\/li>\n            <li>Douleur rachidienne (cervicales \/ dorsales \/ lombaires \/ sacrum \/ coccyx)<\/li>\n            <li>Suite \u00e0 des traumatismes : chutes sur les fesses, entorses de cheville ou de genou, luxation de coude ou d\u2019\u00e9paule &#8230;<\/li>\n            <li>Suite \u00e0 des fractures<\/li>\n            <li>Suite \u00e0 un accident de voiture<\/li>\n        <\/ul>\n    <\/div>\n\n    <button class=\"accordion\">Comportement<\/button>\n    <div class=\"panel\">\n        <br \/>\n        <li>Trouble de la concentration, irritabilit\u00e9, hyperactivit\u00e9 &#8230;<\/li>\n        <br \/>\n    <\/div>\n\n    <button class=\"accordion\">Troubles du sommeil et du d\u00e9veloppement<\/button>\n    <div class=\"panel\">\n        <ul>\n            <li>Trouble de l\u2019endormissement, insomnie<\/li>\n            <li>Trouble du d\u00e9veloppement psychomoteur : position assise, 4 pattes, la marche &#8230;<\/li>\n            <li>Trouble de la croissance<\/li>\n            <li>Manque de confiance en soi<\/li>\n            <li>les DYS comme la dyslexie &#8230;<\/li>\n        <\/ul>\n    <\/div>\n\n    <button class=\"accordion\">Bilan et pr\u00e9vention<\/button>\n    <div class=\"panel\">\n        <ul>\n            <li>Je conseille 1 consultation tous <b>les 6 mois de 2 \u00e0 6 ans<\/b>, et 1 consultation tous <b>les ans de 6 \u00e0 12 ans<\/b>. Ceci pour une mise au point du fonctionnement de votre enfant et r\u00e9ajuster les freins, les d\u00e9s\u00e9quilibres s\u2019il y a. L\u2019ost\u00e9opathe va alors avoir un r\u00f4le pr\u00e9ventif !<\/li>\n            <li>En cas de port d\u2019<b>appareil dentaire<\/b>, je vous conseille un <b>suivi r\u00e9gulier<\/b>. La fr\u00e9quence du suivi d\u00e9pend enti\u00e8rement de la capacit\u00e9 d\u2019adaptation de votre enfant et du type d\u2019appareillage.<\/li>\n        <\/ul>\n    <\/div>\n<\/div>\n\n<script>\n    var acc = document.getElementsByClassName(\"accordion\");\n    var i;\n\n\n    for (i = 0; i < acc.length; i++) {\n        acc[i].addEventListener(\"click\", function () {\n            if (!this.classList.contains(\"active\")) {\n                for (j = 0; j < acc.length; j++) {\n                    acc[j].classList.remove(\"active\");\n                    acc[j].nextElementSibling.style.maxHeight = null;\n                }\n            }\n\n            this.classList.toggle(\"active\");\n            var panel = this.nextElementSibling;\n            if (panel.style.maxHeight) {\n                panel.style.maxHeight = null;\n            } else {\n                panel.style.maxHeight = panel.scrollHeight + \"px\";\n            }\n        });\n    }\n<\/script>\n\n\n\n<p><\/p>\n","protected":false},"excerpt":{"rendered":"<p>L\u2019ost\u00e9opathie pour les enfants Les enfants de 2 ans \u00e0 la pubert\u00e9 sont soumis \u00e0 des perturbateurs de l\u2019\u00e9quilibre g\u00e9n\u00e9ral : le cartable, l\u2019appareil dentaire, les lunettes, semelles, traumatismes lors de leur activit\u00e9 sportive \u2026 Ce sont autant de dysfonctionnements qui peuvent les affecter durablement. Par exemple la pose d\u2019un appareil dentaire peut entrainer un &hellip;<\/p>\n<p class=\"read-more\"> <a class=\"\" href=\"https:\/\/osteopathe-divonne.com\/index.php\/enfants\/\"> <span class=\"screen-reader-text\">Enfants<\/span> Read More &raquo;<\/a><\/p>\n","protected":false},"author":1,"featured_media":0,"parent":0,"menu_order":0,"comment_status":"closed","ping_status":"closed","template":"","meta":{"site-sidebar-layout":"default","site-content-layout":"","ast-site-content-layout":"","site-content-style":"default","site-sidebar-style":"default","ast-global-header-display":"","ast-banner-title-visibility":"","ast-main-header-display":"","ast-hfb-above-header-display":"","ast-hfb-below-header-display":"","ast-hfb-mobile-header-display":"","site-post-title":"","ast-breadcrumbs-content":"","ast-featured-img":"","footer-sml-layout":"","theme-transparent-header-meta":"","adv-header-id-meta":"","stick-header-meta":"","header-above-stick-meta":"","header-main-stick-meta":"","header-below-stick-meta":"","astra-migrate-meta-layouts":"","footnotes":""},"class_list":["post-95","page","type-page","status-publish","hentry"],"_links":{"self":[{"href":"https:\/\/osteopathe-divonne.com\/index.php\/wp-json\/wp\/v2\/pages\/95","targetHints":{"allow":["GET"]}}],"collection":[{"href":"https:\/\/osteopathe-divonne.com\/index.php\/wp-json\/wp\/v2\/pages"}],"about":[{"href":"https:\/\/osteopathe-divonne.com\/index.php\/wp-json\/wp\/v2\/types\/page"}],"author":[{"embeddable":true,"href":"https:\/\/osteopathe-divonne.com\/index.php\/wp-json\/wp\/v2\/users\/1"}],"replies":[{"embeddable":true,"href":"https:\/\/osteopathe-divonne.com\/index.php\/wp-json\/wp\/v2\/comments?post=95"}],"version-history":[{"count":13,"href":"https:\/\/osteopathe-divonne.com\/index.php\/wp-json\/wp\/v2\/pages\/95\/revisions"}],"predecessor-version":[{"id":303,"href":"https:\/\/osteopathe-divonne.com\/index.php\/wp-json\/wp\/v2\/pages\/95\/revisions\/303"}],"wp:attachment":[{"href":"https:\/\/osteopathe-divonne.com\/index.php\/wp-json\/wp\/v2\/media?parent=95"}],"curies":[{"name":"wp","href":"https:\/\/api.w.org\/{rel}","templated":true}]}}