{"id":91,"date":"2023-09-04T00:38:29","date_gmt":"2023-09-03T22:38:29","guid":{"rendered":"https:\/\/osteopathe-divonne.com\/?page_id=91"},"modified":"2023-09-26T15:11:22","modified_gmt":"2023-09-26T13:11:22","slug":"nourrissons","status":"publish","type":"page","link":"https:\/\/osteopathe-divonne.com\/index.php\/nourrissons\/","title":{"rendered":"Nourrissons"},"content":{"rendered":"\n<img decoding=\"async\" src=\"\/images\/nourrissons.jpg\" style=\"width:100%\" \/>\n<br \/>\n<br \/>\n<h2>Nourrissons<\/h2>\n\tL<strong>\u2018ost\u00e9opathie<\/strong>&nbsp;permet de traiter et de soulager les&nbsp;<strong>nourrissons<\/strong>.\n<br \/>\n\tLes&nbsp;<strong>b\u00e9b\u00e9s<\/strong>&nbsp;peuvent subir des contraintes&nbsp;<strong>vie intra-ut\u00e9rine<\/strong>&nbsp;(m\u00e9caniques ou \u00e9motionnelles) en fonction des \u00e9v\u00e8nements v\u00e9cus au cours de la grossesse, ou le manque de libert\u00e9 de b\u00e9b\u00e9 dans son environnement, l\u2019ut\u00e9rus, etc\u2026<\/p>\n<p>Puis selon le mode d\u2019accouchement, votre b\u00e9b\u00e9 a d\u00fb s\u2019adapter pour franchir les diff\u00e9rentes \u00e9tapes jusqu\u2019\u00e0 son premier cri! Son \u00e9quilibre est parfois perturb\u00e9 par une venue au monde trop rapide, trop longue, aid\u00e9 par des instruments (ventouse\/ forceps) ou par une arriv\u00e9e en c\u00e9sarienne (m\u00eame si ceci \u00e9tait n\u00e9cessaire).<\/p>\n<p>Ces contraintes peuvent \u00eatre \u00e0 l\u2019origine de diff\u00e9rents troubles ou perturbations&nbsp;:<\/p>\n<div style=\"display:none\">\n    <div id=\"principauxphoto\">\n        <img decoding=\"async\" src=\"\/images\/nourrissons2.jpg\" style=\"border-radius: 50%;\" \/>\n    <\/div>\n    <div id=\"signauxphoto\">\n        <img decoding=\"async\" src=\"\/images\/signaux_alerte.jpg\" style=\"border-radius: 50%;\" \/>\n    <\/div>\n    <div id=\"bilanphoto\">\n        <img decoding=\"async\" src=\"\/images\/bilan_preventif.jpg\" style=\"border-radius: 50%;\" \/>\n    <\/div>\n<\/div>\n<div id=\"divphoto\" style=\"float:right;width:0%\">\n\n<\/div>\n<div style=\"width:100%;display:block;margin:0px;\">\n    <button class=\"accordion\" style=\"width:50%\">Principaux motifs de consultation<\/button>\n    <div class=\"panel\" id=\"principaux\">\n        <img decoding=\"async\" src=\"\/images\/nourrissons2.jpg\" style=\"width:45%;border-radius: 50%;float:right;\" \/>\n        <br \/>\n        <ul>\n            <li>Pleurs fr\u00e9quents\/ Inconfort\/ Agitation<\/li>\n            <li>Difficult\u00e9 de succion (allaitement maternelle)<\/li>\n            <li>Maux de ventre, Constipation<\/li>\n            <li>Colique du nourrisson<\/li>\n            <li>R\u00e9gurgitation, Reflux gastro-oesophagien (RGO)<\/li>\n            <li>T\u00eate plate que l\u2019on appelle plagioc\u00e9phalie<\/li>\n            <li>Torticolis du nourrisson<\/li>\n            <li>Ne tourne pas la t\u00eate des 2 c\u00f4t\u00e9s<\/li>\n            <li>Otites \u00e0 r\u00e9p\u00e9titions, Sinusites<\/li>\n            <li>Trouble du sommeil et du comportement<\/li>\n            <li>Lors d\u2019hypertonicit\u00e9 ou \u00e0 l\u2019inverse d\u2019hypotonicit\u00e9: n\u2019arrive pas \u00e0 se mettre assis, fait un 4 pattes \u00abbizarre\u00bb , marche en crabe&#8230;<\/li>\n            <li>etc&#8230;<\/li>\n        <\/ul>\n        <br \/>\n    <\/div>\n\n    <button class=\"accordion\" style=\"width:50%\">Signaux d&#8217;alerte<\/button>\n    <div class=\"panel\" id=\"signaux\">\n        <img decoding=\"async\" src=\"\/images\/signaux_alerte.jpg\" style=\"width:45%;border-radius: 50%;float:right;\" \/>\n        <br \/><br \/>\n        <b>Les signes du quotidien :<\/b><br>\n        Votre b\u00e9b\u00e9 ne tourne la t\u00eate que d\u2019un c\u00f4t\u00e9, se cambre en arri\u00e8re (certains peuvent faire le pont sur la table \u00e0 langer), hurle apr\u00e8s un biberon, ne dort pas, a une position de virgule ou de banane, se tortille en criant, ronfle, a une d\u00e9glutition tr\u00e8s bruyante, se positionne avec la t\u00eate en arri\u00e8re lors des t\u00e9t\u00e9s (que ce soit au sein ou au biberon) etc&#8230;<br><br \/>\n        <b>Selon le mode de venue de b\u00e9b\u00e9 :<\/b><br>\n        Principalement lors d\u2019un accouchement instrumentalis\u00e9 \/ aid\u00e9 : d\u00e9clenchement, c\u00e9sarienne, forceps, ventouse, spatule.<br><br \/>\n        \u2794 Il est conseill\u00e9 de consulter un ost\u00e9opathe.<br>\n        <br \/>\n\n    <\/div>\n\n    <button class=\"accordion\" style=\"width:50%\">Bilan pr\u00e9ventif<\/button>\n    <div class=\"panel\" id=\"bilan\">\n        <img decoding=\"async\" src=\"\/images\/bilan_preventif.jpg\" style=\"width:45%;border-radius: 50%;float:right;\" \/>\n        <br \/><br \/>\n        Avec l\u2019exp\u00e9rience du travail ost\u00e9opathique chez le nourrisson, je conseille de consulter dans <b>le 1er mois apr\u00e8s la naissance<\/b>. Cependant si b\u00e9b\u00e9 pr\u00e9sente d\u2019importants signaux d\u2019alerte ou pleure beaucoup, c\u2019est qu\u2019il est tr\u00e8s inconfortable. Nous pouvons alors le traiter en ost\u00e9opathie d\u00e8s la sortie de la maternit\u00e9, ce qui lui permettra de retrouver le plus rapidement possible un certain confort.<br \/>\n        Par la suite, je conseille une s\u00e9ance d\u2019ost\u00e9opathie lors de <b>l\u2019acquisition de la posture assise<\/b>, puis lors de <b>l\u2019acquisition de la marche<\/b>.<br \/>\n        <br \/>\n        Ce sont des \u00e9tapes cl\u00e9s pour faire une \u00ab r\u00e9vision \u00bb!<br \/>\n        <br \/>\n        Bien s\u00fbr \u00e0 moduler selon l\u2019\u00e9volution de b\u00e9b\u00e9.\n    <\/div>\n    <br \/><br \/>\n    <b>Infos pratiques<\/b><br \/>\n    Lors de la prise de RDV, merci de pr\u00e9ciser que c\u2019est pour un b\u00e9b\u00e9. Des cr\u00e9neaux sp\u00e9cifiques sont pr\u00e9vus pour eux! <br \/>\n    L\u2019ost\u00e9opathe ne remplace ni le m\u00e9decin traitant, ni le p\u00e9diatre ou tout autre sp\u00e9cialiste dont votre enfant aurait besoin.<br \/>\n<\/div>\n\n\n\n\n<script>\n    var acc = document.getElementsByClassName(\"accordion\");\n    var i;\n\n\n    for (i = 0; i < acc.length; i++) {\n        acc[i].addEventListener(\"click\", function () {\n            if (!this.classList.contains(\"active\")) {\n                for (j = 0; j < acc.length; j++) {\n                    acc[j].classList.remove(\"active\");\n                    acc[j].nextElementSibling.style.maxHeight = null;\n                }\n            }\n\n            this.classList.toggle(\"active\");\n            var panel = this.nextElementSibling;\n            if (panel.style.maxHeight) {\n                panel.style.maxHeight = null;\n                jQuery(\"#divphoto\").html(\"\");\n            } else {\n                panel.style.maxHeight = panel.scrollHeight + \"px\";\n                jQuery(\"#divphoto\").html(jQuery(\"#\" + panel.id + \"photo\").html());\n            }\n        });\n    }\n<\/script>\n\n\n","protected":false},"excerpt":{"rendered":"<p>Nourrissons L\u2018ost\u00e9opathie&nbsp;permet de traiter et de soulager les&nbsp;nourrissons. Les&nbsp;b\u00e9b\u00e9s&nbsp;peuvent subir des contraintes&nbsp;vie intra-ut\u00e9rine&nbsp;(m\u00e9caniques ou \u00e9motionnelles) en fonction des \u00e9v\u00e8nements v\u00e9cus au cours de la grossesse, ou le manque de libert\u00e9 de b\u00e9b\u00e9 dans son environnement, l\u2019ut\u00e9rus, etc\u2026 Puis selon le mode d\u2019accouchement, votre b\u00e9b\u00e9 a d\u00fb s\u2019adapter pour franchir les diff\u00e9rentes \u00e9tapes jusqu\u2019\u00e0 son premier &hellip;<\/p>\n<p class=\"read-more\"> <a class=\"\" href=\"https:\/\/osteopathe-divonne.com\/index.php\/nourrissons\/\"> <span class=\"screen-reader-text\">Nourrissons<\/span> Read More &raquo;<\/a><\/p>\n","protected":false},"author":1,"featured_media":0,"parent":0,"menu_order":0,"comment_status":"closed","ping_status":"closed","template":"","meta":{"site-sidebar-layout":"default","site-content-layout":"","ast-site-content-layout":"","site-content-style":"default","site-sidebar-style":"default","ast-global-header-display":"","ast-banner-title-visibility":"","ast-main-header-display":"","ast-hfb-above-header-display":"","ast-hfb-below-header-display":"","ast-hfb-mobile-header-display":"","site-post-title":"","ast-breadcrumbs-content":"","ast-featured-img":"","footer-sml-layout":"","theme-transparent-header-meta":"","adv-header-id-meta":"","stick-header-meta":"","header-above-stick-meta":"","header-main-stick-meta":"","header-below-stick-meta":"","astra-migrate-meta-layouts":"","footnotes":""},"class_list":["post-91","page","type-page","status-publish","hentry"],"_links":{"self":[{"href":"https:\/\/osteopathe-divonne.com\/index.php\/wp-json\/wp\/v2\/pages\/91","targetHints":{"allow":["GET"]}}],"collection":[{"href":"https:\/\/osteopathe-divonne.com\/index.php\/wp-json\/wp\/v2\/pages"}],"about":[{"href":"https:\/\/osteopathe-divonne.com\/index.php\/wp-json\/wp\/v2\/types\/page"}],"author":[{"embeddable":true,"href":"https:\/\/osteopathe-divonne.com\/index.php\/wp-json\/wp\/v2\/users\/1"}],"replies":[{"embeddable":true,"href":"https:\/\/osteopathe-divonne.com\/index.php\/wp-json\/wp\/v2\/comments?post=91"}],"version-history":[{"count":26,"href":"https:\/\/osteopathe-divonne.com\/index.php\/wp-json\/wp\/v2\/pages\/91\/revisions"}],"predecessor-version":[{"id":302,"href":"https:\/\/osteopathe-divonne.com\/index.php\/wp-json\/wp\/v2\/pages\/91\/revisions\/302"}],"wp:attachment":[{"href":"https:\/\/osteopathe-divonne.com\/index.php\/wp-json\/wp\/v2\/media?parent=91"}],"curies":[{"name":"wp","href":"https:\/\/api.w.org\/{rel}","templated":true}]}}