{"id":89,"date":"2023-09-04T00:23:37","date_gmt":"2023-09-03T22:23:37","guid":{"rendered":"https:\/\/osteopathe-divonne.com\/?page_id=89"},"modified":"2023-09-20T01:36:03","modified_gmt":"2023-09-19T23:36:03","slug":"apres-laccouchement","status":"publish","type":"page","link":"https:\/\/osteopathe-divonne.com\/index.php\/apres-laccouchement\/","title":{"rendered":"Apr\u00e8s l\u2019accouchement"},"content":{"rendered":"\n<img decoding=\"async\" src=\"\/images\/apres_accouchement.jpg\" style=\"width:100%\" \/><br \/><br \/>\n<h2>Apr\u00e8s l&#8217;accouchement<\/h2>\nB\u00e9b\u00e9 est n\u00e9 : bravo ! Maintenant, il faut prendre du temps, vous reposer et profiter !<br \/>\nMais une mise au point ost\u00e9opathique me semble indispensable.<br \/><br \/>\n<h4>De nombreux sympt\u00f4mes peuvent appara\u00eetre\u00a0:<\/h4>\n<li>douleurs vert\u00e9brales, lombaires, coccygiennes, sciatique\u2026<\/li>\n<li>douleurs pendant les rapports<\/li>\n<li>maux de t\u00eate<\/li>\n<li>troubles du sommeil<\/li>\n<li>probl\u00e8mes digestifs<\/li>\n<li>perte de moral, d\u00e9pression post-partum&#8230;\u00a0<\/li>\n<li>douleurs cicatricielles lors d\u2019une naissance par c\u00e9sarienne<\/li>\n<li>puis dans un deuxi\u00e8me temps ce sont les g\u00e8nes lors de l\u2019allaitement\u2026 puis le retour hormonal.<\/li><br \/>\nL&#8217;ost\u00e9opathe\u00a0permet d&#8217;aider la femme \u00e0\u00a0retrouver son \u00e9quilibre\u00a0et son bon fonctionnement suite \u00e0 ce bouleversement morphologique (la grossesse) et \u00e0 cette \u00e9preuve plus ou moins douloureuse qu&#8217;est l&#8217;accouchement.\n","protected":false},"excerpt":{"rendered":"<p>Apr\u00e8s l&#8217;accouchement B\u00e9b\u00e9 est n\u00e9 : bravo ! Maintenant, il faut prendre du temps, vous reposer et profiter ! Mais une mise au point ost\u00e9opathique me semble indispensable. De nombreux sympt\u00f4mes peuvent appara\u00eetre\u00a0: douleurs vert\u00e9brales, lombaires, coccygiennes, sciatique\u2026 douleurs pendant les rapports maux de t\u00eate troubles du sommeil probl\u00e8mes digestifs perte de moral, d\u00e9pression post-partum&#8230;\u00a0 &hellip;<\/p>\n<p class=\"read-more\"> <a class=\"\" href=\"https:\/\/osteopathe-divonne.com\/index.php\/apres-laccouchement\/\"> <span class=\"screen-reader-text\">Apr\u00e8s l\u2019accouchement<\/span> Read More &raquo;<\/a><\/p>\n","protected":false},"author":1,"featured_media":0,"parent":0,"menu_order":0,"comment_status":"closed","ping_status":"closed","template":"","meta":{"site-sidebar-layout":"default","site-content-layout":"","ast-site-content-layout":"","site-content-style":"default","site-sidebar-style":"default","ast-global-header-display":"","ast-banner-title-visibility":"","ast-main-header-display":"","ast-hfb-above-header-display":"","ast-hfb-below-header-display":"","ast-hfb-mobile-header-display":"","site-post-title":"","ast-breadcrumbs-content":"","ast-featured-img":"","footer-sml-layout":"","theme-transparent-header-meta":"","adv-header-id-meta":"","stick-header-meta":"","header-above-stick-meta":"","header-main-stick-meta":"","header-below-stick-meta":"","astra-migrate-meta-layouts":"","footnotes":""},"class_list":["post-89","page","type-page","status-publish","hentry"],"_links":{"self":[{"href":"https:\/\/osteopathe-divonne.com\/index.php\/wp-json\/wp\/v2\/pages\/89","targetHints":{"allow":["GET"]}}],"collection":[{"href":"https:\/\/osteopathe-divonne.com\/index.php\/wp-json\/wp\/v2\/pages"}],"about":[{"href":"https:\/\/osteopathe-divonne.com\/index.php\/wp-json\/wp\/v2\/types\/page"}],"author":[{"embeddable":true,"href":"https:\/\/osteopathe-divonne.com\/index.php\/wp-json\/wp\/v2\/users\/1"}],"replies":[{"embeddable":true,"href":"https:\/\/osteopathe-divonne.com\/index.php\/wp-json\/wp\/v2\/comments?post=89"}],"version-history":[{"count":11,"href":"https:\/\/osteopathe-divonne.com\/index.php\/wp-json\/wp\/v2\/pages\/89\/revisions"}],"predecessor-version":[{"id":276,"href":"https:\/\/osteopathe-divonne.com\/index.php\/wp-json\/wp\/v2\/pages\/89\/revisions\/276"}],"wp:attachment":[{"href":"https:\/\/osteopathe-divonne.com\/index.php\/wp-json\/wp\/v2\/media?parent=89"}],"curies":[{"name":"wp","href":"https:\/\/api.w.org\/{rel}","templated":true}]}}