{"id":86,"date":"2023-09-04T00:22:10","date_gmt":"2023-09-03T22:22:10","guid":{"rendered":"https:\/\/osteopathe-divonne.com\/?page_id=86"},"modified":"2023-09-20T01:19:55","modified_gmt":"2023-09-19T23:19:55","slug":"femmes-enceintes","status":"publish","type":"page","link":"https:\/\/osteopathe-divonne.com\/index.php\/femmes-enceintes\/","title":{"rendered":"Femmes Enceintes"},"content":{"rendered":"\n<img decoding=\"async\" src=\"\/images\/07-osteopathie-grossesse.jpg\" style=\"width:100%\"> <br \/><br \/>\n<h2>Femmes enceintes<\/h2>\n\n        L\u2019ost\u00e9opathie est pr\u00e9conis\u00e9 tout au long de la grossesse.\n    <p>Attendre un b\u00e9b\u00e9 demande une extraordinaire adaptation de l\u2019ensemble du corps chez la femme, tant au niveau des articulations, que digestif mais aussi hormonal\u2026 L\u2019ost\u00e9opathe permet alors, par des techniques douces, d\u2019harmoniser l\u2019\u00e9quilibre entre la future maman et le b\u00e9b\u00e9.<\/p>\n    <h4>Les principaux motifs de consultations chez la femme enceinte :<\/h4>\n    <ul>\n        <li>La sciatique<\/li>\n        <li>Douleurs lombaires et pelviennes (comme les pubalgies)<\/li>\n        <li>Les troubles digestifs : naus\u00e9es, constipation<\/li>\n        <li>Troubles du sommeil<\/li>\n        <li>Angoisses<\/li>\n        <li>Oppressions thoraciques<\/li>\n        <li>Pr\u00e9paration \u00e0 l\u2019accouchement<\/li>\n        <li>B\u00e9b\u00e9 en si\u00e8ge: Attention nous ne pratiquons pas de technique obst\u00e9tricale, nous enlevons les freins de mobilit\u00e9 pour que b\u00e9b\u00e9 puisse avoir plus de libert\u00e9 et ainsi l\u2019aider \u00e0 se retourner.<\/li>\n    <\/ul>\n    <p>G\u00e9n\u00e9ralement, je conseille une visite chez l\u2019ost\u00e9opathe au d\u00e9but du 6\u00e8me mois, pour une mise au point sur l\u2019\u00e9quilibre des diff\u00e9rentes sph\u00e8res du corps, et au d\u00e9but 9\u00e8me mois, en pr\u00e9paration \u00e0 l\u2019accouchement.<\/p>\n","protected":false},"excerpt":{"rendered":"<p>Femmes enceintes L\u2019ost\u00e9opathie est pr\u00e9conis\u00e9 tout au long de la grossesse. Attendre un b\u00e9b\u00e9 demande une extraordinaire adaptation de l\u2019ensemble du corps chez la femme, tant au niveau des articulations, que digestif mais aussi hormonal\u2026 L\u2019ost\u00e9opathe permet alors, par des techniques douces, d\u2019harmoniser l\u2019\u00e9quilibre entre la future maman et le b\u00e9b\u00e9. Les principaux motifs de &hellip;<\/p>\n<p class=\"read-more\"> <a class=\"\" href=\"https:\/\/osteopathe-divonne.com\/index.php\/femmes-enceintes\/\"> <span class=\"screen-reader-text\">Femmes Enceintes<\/span> Read More &raquo;<\/a><\/p>\n","protected":false},"author":1,"featured_media":0,"parent":0,"menu_order":0,"comment_status":"closed","ping_status":"closed","template":"","meta":{"site-sidebar-layout":"default","site-content-layout":"","ast-site-content-layout":"","site-content-style":"default","site-sidebar-style":"default","ast-global-header-display":"","ast-banner-title-visibility":"","ast-main-header-display":"","ast-hfb-above-header-display":"","ast-hfb-below-header-display":"","ast-hfb-mobile-header-display":"","site-post-title":"","ast-breadcrumbs-content":"","ast-featured-img":"","footer-sml-layout":"","theme-transparent-header-meta":"","adv-header-id-meta":"","stick-header-meta":"","header-above-stick-meta":"","header-main-stick-meta":"","header-below-stick-meta":"","astra-migrate-meta-layouts":"","footnotes":""},"class_list":["post-86","page","type-page","status-publish","hentry"],"_links":{"self":[{"href":"https:\/\/osteopathe-divonne.com\/index.php\/wp-json\/wp\/v2\/pages\/86","targetHints":{"allow":["GET"]}}],"collection":[{"href":"https:\/\/osteopathe-divonne.com\/index.php\/wp-json\/wp\/v2\/pages"}],"about":[{"href":"https:\/\/osteopathe-divonne.com\/index.php\/wp-json\/wp\/v2\/types\/page"}],"author":[{"embeddable":true,"href":"https:\/\/osteopathe-divonne.com\/index.php\/wp-json\/wp\/v2\/users\/1"}],"replies":[{"embeddable":true,"href":"https:\/\/osteopathe-divonne.com\/index.php\/wp-json\/wp\/v2\/comments?post=86"}],"version-history":[{"count":11,"href":"https:\/\/osteopathe-divonne.com\/index.php\/wp-json\/wp\/v2\/pages\/86\/revisions"}],"predecessor-version":[{"id":274,"href":"https:\/\/osteopathe-divonne.com\/index.php\/wp-json\/wp\/v2\/pages\/86\/revisions\/274"}],"wp:attachment":[{"href":"https:\/\/osteopathe-divonne.com\/index.php\/wp-json\/wp\/v2\/media?parent=86"}],"curies":[{"name":"wp","href":"https:\/\/api.w.org\/{rel}","templated":true}]}}