{"id":84,"date":"2023-09-04T00:20:32","date_gmt":"2023-09-03T22:20:32","guid":{"rendered":"https:\/\/osteopathe-divonne.com\/?page_id=84"},"modified":"2023-09-20T01:17:21","modified_gmt":"2023-09-19T23:17:21","slug":"desir-de-grossesse","status":"publish","type":"page","link":"https:\/\/osteopathe-divonne.com\/index.php\/desir-de-grossesse\/","title":{"rendered":"D\u00e9sir de Grossesse"},"content":{"rendered":"\n<img decoding=\"async\" src=\"\/images\/desir_de_grossesse.jpg\" style=\"width:100%\" \/><br \/><br \/>\n<h2>D\u00e9sir de Grossesse<\/h2>\nAvoir un enfant peut parfois relever du parcours du combattant. Cependant l\u2019ost\u00e9opathie peut avoir une place dans le traitement de l\u2019infertilit\u00e9 chez la femme lorsque celle-ci ne r\u00e9sulte pas d\u2019une pathologie m\u00e9dicale ou biologique.<br \/>\n<br \/>\n<h4>Que peut faire l\u2019ost\u00e9opathe ?<\/h4>\nTout d\u2019abord r\u00e9tablir un \u00e9quilibre dans la m\u00e9canique articulaire (le bassin, vert\u00e8bre\u2026) mais aussi uro-gyn\u00e9cologique (ut\u00e9rus \/ ovaires \/ trompes \/ vessie) par positionnement des organes dans le petit bassin.<br \/>\n<br \/>\nIl ne faut pas oublier que l\u2019ost\u00e9opathe regarde la globalit\u00e9 de la personne, donc il est int\u00e9ressant d\u2019aborder toutes les sph\u00e8res (digestive, cr\u00e2nienne\u2026), de r\u00e9tablir un \u00e9quilibre neuro-v\u00e9g\u00e9tatif (commande neurologique et vasculaire du syst\u00e8me gyn\u00e9co) et neuroendocrinienne (hormones).<br \/>\n<br \/>\nG\u00e9n\u00e9ralement je pr\u00e9conise une s\u00e9ance de \u00ab mise au point \u00bb avant toute PMA, et dans le cas d\u2019une FIV une s\u00e9ance 3 semaines avant le transfert. Le suivi se fait en fonction des dysfonctions trouv\u00e9es (traumatismes, chirurgie etc).<br \/>\n<br \/>\nChez les hommes \u00e9galement, le travail ost\u00e9opathique au niveau du bassin favorise la vascularisation des testicules et donc la qualit\u00e9 du sperme.\n\n\n\n<p><\/p>\n","protected":false},"excerpt":{"rendered":"<p>D\u00e9sir de Grossesse Avoir un enfant peut parfois relever du parcours du combattant. Cependant l\u2019ost\u00e9opathie peut avoir une place dans le traitement de l\u2019infertilit\u00e9 chez la femme lorsque celle-ci ne r\u00e9sulte pas d\u2019une pathologie m\u00e9dicale ou biologique. Que peut faire l\u2019ost\u00e9opathe ? Tout d\u2019abord r\u00e9tablir un \u00e9quilibre dans la m\u00e9canique articulaire (le bassin, vert\u00e8bre\u2026) mais &hellip;<\/p>\n<p class=\"read-more\"> <a class=\"\" href=\"https:\/\/osteopathe-divonne.com\/index.php\/desir-de-grossesse\/\"> <span class=\"screen-reader-text\">D\u00e9sir de Grossesse<\/span> Read More &raquo;<\/a><\/p>\n","protected":false},"author":1,"featured_media":0,"parent":0,"menu_order":0,"comment_status":"closed","ping_status":"closed","template":"","meta":{"site-sidebar-layout":"default","site-content-layout":"","ast-site-content-layout":"","site-content-style":"default","site-sidebar-style":"default","ast-global-header-display":"","ast-banner-title-visibility":"","ast-main-header-display":"","ast-hfb-above-header-display":"","ast-hfb-below-header-display":"","ast-hfb-mobile-header-display":"","site-post-title":"","ast-breadcrumbs-content":"","ast-featured-img":"","footer-sml-layout":"","theme-transparent-header-meta":"","adv-header-id-meta":"","stick-header-meta":"","header-above-stick-meta":"","header-main-stick-meta":"","header-below-stick-meta":"","astra-migrate-meta-layouts":"","footnotes":""},"class_list":["post-84","page","type-page","status-publish","hentry"],"_links":{"self":[{"href":"https:\/\/osteopathe-divonne.com\/index.php\/wp-json\/wp\/v2\/pages\/84","targetHints":{"allow":["GET"]}}],"collection":[{"href":"https:\/\/osteopathe-divonne.com\/index.php\/wp-json\/wp\/v2\/pages"}],"about":[{"href":"https:\/\/osteopathe-divonne.com\/index.php\/wp-json\/wp\/v2\/types\/page"}],"author":[{"embeddable":true,"href":"https:\/\/osteopathe-divonne.com\/index.php\/wp-json\/wp\/v2\/users\/1"}],"replies":[{"embeddable":true,"href":"https:\/\/osteopathe-divonne.com\/index.php\/wp-json\/wp\/v2\/comments?post=84"}],"version-history":[{"count":14,"href":"https:\/\/osteopathe-divonne.com\/index.php\/wp-json\/wp\/v2\/pages\/84\/revisions"}],"predecessor-version":[{"id":272,"href":"https:\/\/osteopathe-divonne.com\/index.php\/wp-json\/wp\/v2\/pages\/84\/revisions\/272"}],"wp:attachment":[{"href":"https:\/\/osteopathe-divonne.com\/index.php\/wp-json\/wp\/v2\/media?parent=84"}],"curies":[{"name":"wp","href":"https:\/\/api.w.org\/{rel}","templated":true}]}}