{"id":56,"date":"2023-08-31T16:36:21","date_gmt":"2023-08-31T14:36:21","guid":{"rendered":"https:\/\/osteopathe-divonne.com\/?page_id=56"},"modified":"2025-09-10T19:21:04","modified_gmt":"2025-09-10T17:21:04","slug":"accueil","status":"publish","type":"page","link":"https:\/\/osteopathe-divonne.com\/","title":{"rendered":"Accueil"},"content":{"rendered":"\n<img decoding=\"async\" src=\"\/images\/01-accueil.jpg\" style=\"width:100%;margin-top:20px\" \/>\n<h2 style=\"color: #791CF8\">Mon \u00e9quipe<\/h2>\n\n<div id=\"divequipe\" style=\"float:left;width:100%\">\n    <div class=\"titreblock\" id=\"equipe1\"><img decoding=\"async\" src=\"images\/equipe\/lucille.jpg\" \/><br>Lucille Girard-Muller<\/div>\n    <!-- <div class=\"titreblock\" id=\"equipe2\"><img decoding=\"async\" src=\"images\/equipe\/marine.jpg\" \/><br>Marine Combe<\/div> -->\n    <div class=\"titreblock\" id=\"equipe3\"><img decoding=\"async\" src=\"images\/equipe\/elise.jpg\" \/><br>Elise Marenghi<\/div>\n    <div id=\"affichageblock\">\n        <div><img decoding=\"async\" src=\"images\/equipe\/lucille.jpg\" width=\"200\" \/><\/div>\n        <div>\n            <h2>Lucille Girard-Muller<\/h2><b>Ost\u00e9opathe D.O.<\/b> (dipl\u00f4m\u00e9e en 2009 du COS \u00e0 Paris)<br \/>\n            <b>Sp\u00e9cialis\u00e9e en P\u00e9diatrie et en Obst\u00e9trique<\/b>\n        <\/div>\n    <\/div>\n    \n    <div class=\"hidden texteblock\">\n        <div id=\"texteequipe1\">\n            <div><img decoding=\"async\" src=\"images\/equipe\/lucille.jpg\" width=\"200\" \/><\/div>\n            <div>\n                <h2>Lucille Girard Muller<\/h2><b>Ost\u00e9opathe D.O.<\/b>&nbsp; (dipl\u00f4m\u00e9e en 2009 du COS \u00e0 Paris)<br \/>\n                <b>Sp\u00e9cialis\u00e9e en P\u00e9diatrie et en Obst\u00e9trique<\/b>\n            <\/div>\n        <\/div>\n        <div id=\"texteequipe2\">\n            <div><img decoding=\"async\" src=\"images\/equipe\/marine.jpg\" width=\"200\" \/><\/div>\n            <div>\n                <h2>Marine Combe<\/h2>\n                <b>Ost\u00e9opathe D.O.<\/b>&nbsp; (dipl\u00f4m\u00e9e en 2022 du CIDO Saint-Etienne)<br \/>\n            <\/div>\n        <\/div>\n        <div id=\"texteequipe3\">\n            <div><img decoding=\"async\" src=\"images\/equipe\/elise.jpg\" width=\"200\" \/><\/div>\n            <div>\n                <h2>Elise Marenghi<\/h2>\n                <b>Ost\u00e9opathe D.O.<\/b>&nbsp; (dipl\u00f4m\u00e9e en 2015 d\u2019ISOst\u00e9o Lyon)<br \/>\n                <b>Ergoth\u00e9rapeute<\/b>&nbsp; (sp\u00e9cialis\u00e9e dans le membre sup\u00e9rieur et la main)\n            <\/div>\n        <\/div>\n    <\/div>\n<\/div>\n\n<script>\n    jQuery(\".titreblock\").on(\"click\", function () {\n        jQuery(\"#affichageblock\").html(jQuery(\"#texte\" + this.id).html());\n    });\n<\/script>\n","protected":false},"excerpt":{"rendered":"<p>Mon \u00e9quipe Lucille Girard-Muller Elise Marenghi Lucille Girard-Muller Ost\u00e9opathe D.O. (dipl\u00f4m\u00e9e en 2009 du COS \u00e0 Paris) Sp\u00e9cialis\u00e9e en P\u00e9diatrie et en Obst\u00e9trique Lucille Girard Muller Ost\u00e9opathe D.O.&nbsp; (dipl\u00f4m\u00e9e en 2009 du COS \u00e0 Paris) Sp\u00e9cialis\u00e9e en P\u00e9diatrie et en Obst\u00e9trique Marine Combe Ost\u00e9opathe D.O.&nbsp; (dipl\u00f4m\u00e9e en 2022 du CIDO Saint-Etienne) Elise Marenghi Ost\u00e9opathe D.O.&nbsp; &hellip;<\/p>\n<p class=\"read-more\"> <a class=\"\" href=\"https:\/\/osteopathe-divonne.com\/\"> <span class=\"screen-reader-text\">Accueil<\/span> Read More &raquo;<\/a><\/p>\n","protected":false},"author":1,"featured_media":0,"parent":0,"menu_order":0,"comment_status":"closed","ping_status":"closed","template":"","meta":{"site-sidebar-layout":"default","site-content-layout":"","ast-site-content-layout":"","site-content-style":"default","site-sidebar-style":"default","ast-global-header-display":"","ast-banner-title-visibility":"","ast-main-header-display":"","ast-hfb-above-header-display":"","ast-hfb-below-header-display":"","ast-hfb-mobile-header-display":"","site-post-title":"","ast-breadcrumbs-content":"","ast-featured-img":"","footer-sml-layout":"","theme-transparent-header-meta":"","adv-header-id-meta":"","stick-header-meta":"","header-above-stick-meta":"","header-main-stick-meta":"","header-below-stick-meta":"","astra-migrate-meta-layouts":"","footnotes":""},"class_list":["post-56","page","type-page","status-publish","hentry"],"_links":{"self":[{"href":"https:\/\/osteopathe-divonne.com\/index.php\/wp-json\/wp\/v2\/pages\/56","targetHints":{"allow":["GET"]}}],"collection":[{"href":"https:\/\/osteopathe-divonne.com\/index.php\/wp-json\/wp\/v2\/pages"}],"about":[{"href":"https:\/\/osteopathe-divonne.com\/index.php\/wp-json\/wp\/v2\/types\/page"}],"author":[{"embeddable":true,"href":"https:\/\/osteopathe-divonne.com\/index.php\/wp-json\/wp\/v2\/users\/1"}],"replies":[{"embeddable":true,"href":"https:\/\/osteopathe-divonne.com\/index.php\/wp-json\/wp\/v2\/comments?post=56"}],"version-history":[{"count":28,"href":"https:\/\/osteopathe-divonne.com\/index.php\/wp-json\/wp\/v2\/pages\/56\/revisions"}],"predecessor-version":[{"id":316,"href":"https:\/\/osteopathe-divonne.com\/index.php\/wp-json\/wp\/v2\/pages\/56\/revisions\/316"}],"wp:attachment":[{"href":"https:\/\/osteopathe-divonne.com\/index.php\/wp-json\/wp\/v2\/media?parent=56"}],"curies":[{"name":"wp","href":"https:\/\/api.w.org\/{rel}","templated":true}]}}