{"id":25,"date":"2023-08-31T09:36:10","date_gmt":"2023-08-31T07:36:10","guid":{"rendered":"https:\/\/osteopathe-divonne.com\/?page_id=25"},"modified":"2026-01-05T12:45:39","modified_gmt":"2026-01-05T11:45:39","slug":"consultations","status":"publish","type":"page","link":"https:\/\/osteopathe-divonne.com\/index.php\/consultations\/","title":{"rendered":"Consultations"},"content":{"rendered":"\n<img decoding=\"async\" src=\"\/images\/09-consultation-osteopathie.jpg\" style=\"width:100%\" \/><br \/><br \/>\n    <h2>Les consultations<\/h2>\n\n    Elles se font uniquement sur rendez-vous au <b>+33 6 07 34 59 19<\/b><br \/>\n    N\u2019h\u00e9sitez pas \u00e0 nous laissez un message avec vos coordonn\u00e9es et vos disponibilit\u00e9s.<br \/>\n    Nous intervenons en ost\u00e9opathie sur le plan musculo-squelettique, visc\u00e9ral et cr\u00e2nien pour l&#8217;adulte, l&#8217;enfant et le nourrisson.<br \/>\n    La consultation dure environ 45 minutes.<br \/><br \/>\n    Le Cabinet d\u2019ost\u00e9opathie se situe au<br \/>\n    <b>\n        315 Chemin de Painloup<br \/>\n        01220 DIVONNE-LES-BAINS<br \/>\n    <\/b>\n    <br \/>\n    Il est situ\u00e9, \u00e0 20 minutes de Gen\u00e8ve et 30 minutes de Lausanne, dans le pays de Gex.<br \/>\n    Un parking vous permettra de vous garer facilement: 2 places sont disponibles devant le portail blanc.\n    <br \/><br \/>\n    <h2>Les tarifs<\/h2>\n    Nourrissons\/ Enfants: <b>60 \u20ac<\/b>    <br>\n    Adultes: <b>80\u20ac<\/b><br><br>\nIl n\u2019est pas n\u00e9cessaire de passer par un m\u00e9decin avant de consulter un ost\u00e9opathe.\n\n\n\n<p><br><br><\/p>\n","protected":false},"excerpt":{"rendered":"<p>Les consultations Elles se font uniquement sur rendez-vous au +33 6 07 34 59 19 N\u2019h\u00e9sitez pas \u00e0 nous laissez un message avec vos coordonn\u00e9es et vos disponibilit\u00e9s. Nous intervenons en ost\u00e9opathie sur le plan musculo-squelettique, visc\u00e9ral et cr\u00e2nien pour l&#8217;adulte, l&#8217;enfant et le nourrisson. La consultation dure environ 45 minutes. Le Cabinet d\u2019ost\u00e9opathie se &hellip;<\/p>\n<p class=\"read-more\"> <a class=\"\" href=\"https:\/\/osteopathe-divonne.com\/index.php\/consultations\/\"> <span class=\"screen-reader-text\">Consultations<\/span> Read More &raquo;<\/a><\/p>\n","protected":false},"author":1,"featured_media":0,"parent":0,"menu_order":0,"comment_status":"closed","ping_status":"closed","template":"","meta":{"site-sidebar-layout":"default","site-content-layout":"","ast-site-content-layout":"","site-content-style":"default","site-sidebar-style":"default","ast-global-header-display":"","ast-banner-title-visibility":"","ast-main-header-display":"","ast-hfb-above-header-display":"","ast-hfb-below-header-display":"","ast-hfb-mobile-header-display":"","site-post-title":"","ast-breadcrumbs-content":"","ast-featured-img":"","footer-sml-layout":"","theme-transparent-header-meta":"","adv-header-id-meta":"","stick-header-meta":"","header-above-stick-meta":"","header-main-stick-meta":"","header-below-stick-meta":"","astra-migrate-meta-layouts":"","footnotes":""},"class_list":["post-25","page","type-page","status-publish","hentry"],"_links":{"self":[{"href":"https:\/\/osteopathe-divonne.com\/index.php\/wp-json\/wp\/v2\/pages\/25","targetHints":{"allow":["GET"]}}],"collection":[{"href":"https:\/\/osteopathe-divonne.com\/index.php\/wp-json\/wp\/v2\/pages"}],"about":[{"href":"https:\/\/osteopathe-divonne.com\/index.php\/wp-json\/wp\/v2\/types\/page"}],"author":[{"embeddable":true,"href":"https:\/\/osteopathe-divonne.com\/index.php\/wp-json\/wp\/v2\/users\/1"}],"replies":[{"embeddable":true,"href":"https:\/\/osteopathe-divonne.com\/index.php\/wp-json\/wp\/v2\/comments?post=25"}],"version-history":[{"count":15,"href":"https:\/\/osteopathe-divonne.com\/index.php\/wp-json\/wp\/v2\/pages\/25\/revisions"}],"predecessor-version":[{"id":318,"href":"https:\/\/osteopathe-divonne.com\/index.php\/wp-json\/wp\/v2\/pages\/25\/revisions\/318"}],"wp:attachment":[{"href":"https:\/\/osteopathe-divonne.com\/index.php\/wp-json\/wp\/v2\/media?parent=25"}],"curies":[{"name":"wp","href":"https:\/\/api.w.org\/{rel}","templated":true}]}}