{"id":23,"date":"2023-08-31T09:35:06","date_gmt":"2023-08-31T07:35:06","guid":{"rendered":"https:\/\/osteopathe-divonne.com\/?page_id=23"},"modified":"2023-09-15T18:29:06","modified_gmt":"2023-09-15T16:29:06","slug":"ostheopathie-du-sport","status":"publish","type":"page","link":"https:\/\/osteopathe-divonne.com\/index.php\/ostheopathie-du-sport\/","title":{"rendered":"Osth\u00e9opathie du Sport"},"content":{"rendered":"\n<h2 class=\"wp-block-heading\"><\/h2>\n\n\n\n    <h2>L&#8217;ost\u00e9opathie du sport<\/h2>\n<img decoding=\"async\" src=\"\/images\/08-osteopathe-du-sport.jpg\" style=\"float:right\">\n    <br \/>\n    <b>L&#8217;ost\u00e9opathe et le sportif<\/b>\u00a0sont deux individus s&#8217;int\u00e9ressant au corps, l&#8217;un pour le soigner, l&#8217;autre pour le cultiver.\n    L&#8217;ost\u00e9opathe est un artisan de la r\u00e9ussite du sportif auquel il permet d&#8217;approcher ses capacit\u00e9s maximales et d&#8217;adopter une\u00a0<b>attitude responsable vis-\u00e0-vis de son corps.<\/b><br \/>\n    <br \/>\n    Le sportif subit de nombreuses contraintes physiques, environnementales, et psycho-\u00e9motionnelles, pouvant perturber son\u00a0<b>\u00e9quilibre.<\/b><br \/>\n    <br \/>\n    L&#8217;ost\u00e9opathe l&#8217;aidera par un\u00a0<b>suivi pr\u00e9ventif et th\u00e9rapeutique<\/b>\u00a0personnalis\u00e9 \u00e0 conserver un fonctionnement le plus harmonieux possible afin d&#8217;exceller son art.<br \/><br \/>\n\n","protected":false},"excerpt":{"rendered":"<p>L&#8217;ost\u00e9opathie du sport L&#8217;ost\u00e9opathe et le sportif\u00a0sont deux individus s&#8217;int\u00e9ressant au corps, l&#8217;un pour le soigner, l&#8217;autre pour le cultiver. L&#8217;ost\u00e9opathe est un artisan de la r\u00e9ussite du sportif auquel il permet d&#8217;approcher ses capacit\u00e9s maximales et d&#8217;adopter une\u00a0attitude responsable vis-\u00e0-vis de son corps. Le sportif subit de nombreuses contraintes physiques, environnementales, et psycho-\u00e9motionnelles, pouvant &hellip;<\/p>\n<p class=\"read-more\"> <a class=\"\" href=\"https:\/\/osteopathe-divonne.com\/index.php\/ostheopathie-du-sport\/\"> <span class=\"screen-reader-text\">Osth\u00e9opathie du Sport<\/span> Read More &raquo;<\/a><\/p>\n","protected":false},"author":1,"featured_media":0,"parent":0,"menu_order":0,"comment_status":"closed","ping_status":"closed","template":"","meta":{"site-sidebar-layout":"default","site-content-layout":"","ast-site-content-layout":"","site-content-style":"default","site-sidebar-style":"default","ast-global-header-display":"","ast-banner-title-visibility":"","ast-main-header-display":"","ast-hfb-above-header-display":"","ast-hfb-below-header-display":"","ast-hfb-mobile-header-display":"","site-post-title":"","ast-breadcrumbs-content":"","ast-featured-img":"","footer-sml-layout":"","theme-transparent-header-meta":"","adv-header-id-meta":"","stick-header-meta":"","header-above-stick-meta":"","header-main-stick-meta":"","header-below-stick-meta":"","astra-migrate-meta-layouts":"","footnotes":""},"class_list":["post-23","page","type-page","status-publish","hentry"],"_links":{"self":[{"href":"https:\/\/osteopathe-divonne.com\/index.php\/wp-json\/wp\/v2\/pages\/23","targetHints":{"allow":["GET"]}}],"collection":[{"href":"https:\/\/osteopathe-divonne.com\/index.php\/wp-json\/wp\/v2\/pages"}],"about":[{"href":"https:\/\/osteopathe-divonne.com\/index.php\/wp-json\/wp\/v2\/types\/page"}],"author":[{"embeddable":true,"href":"https:\/\/osteopathe-divonne.com\/index.php\/wp-json\/wp\/v2\/users\/1"}],"replies":[{"embeddable":true,"href":"https:\/\/osteopathe-divonne.com\/index.php\/wp-json\/wp\/v2\/comments?post=23"}],"version-history":[{"count":4,"href":"https:\/\/osteopathe-divonne.com\/index.php\/wp-json\/wp\/v2\/pages\/23\/revisions"}],"predecessor-version":[{"id":259,"href":"https:\/\/osteopathe-divonne.com\/index.php\/wp-json\/wp\/v2\/pages\/23\/revisions\/259"}],"wp:attachment":[{"href":"https:\/\/osteopathe-divonne.com\/index.php\/wp-json\/wp\/v2\/media?parent=23"}],"curies":[{"name":"wp","href":"https:\/\/api.w.org\/{rel}","templated":true}]}}