{"id":21,"date":"2023-08-31T09:33:52","date_gmt":"2023-08-31T07:33:52","guid":{"rendered":"https:\/\/osteopathe-divonne.com\/?page_id=21"},"modified":"2023-08-31T09:33:52","modified_gmt":"2023-08-31T07:33:52","slug":"grossesse-et-accouchement","status":"publish","type":"page","link":"https:\/\/osteopathe-divonne.com\/index.php\/grossesse-et-accouchement\/","title":{"rendered":"Grossesse et Accouchement"},"content":{"rendered":"\n<h2>Ost&eacute;opathie p&eacute;ri-natale<\/h2>\n<div class=\"headline no-margin\"><h3>Pendant la Grossesse<\/h3><\/div>\n\t\t<p><strong>L&#8217;ost&eacute;opathie<\/strong> est pr&eacute;conis&eacute; <strong>tout au long de la grossesse<\/strong> et apr\u00e8s l&#8217;accouchement.\nPendant la grossesse la femme peut souffrir de diverses douleurs\u00a0: vert&eacute;brales, ligamentaires, musculaires, articulaires, sciatiques, digestives, maux t&ecirc;te, contractions, malposition du b&eacute;b&eacute;.\nL&#8217;ost&eacute;opathe permet alors, par des <strong>techniques douces<\/strong>, d&#8217;harmoniser l&#8217;&eacute;quilibre entre la <strong>future maman et le b&eacute;b&eacute;<\/strong>.<\/p>\n\t\t<div class=\"headline no-margin\"><h3>Apr&eacute;s l&#8217;accouchement<\/h3><\/div>\n    <p>Apr\u00e8s l&#8217;accouchement, de nombreux sympt\u00f4mes peuvent appara\u00eetre\u00a0: douleurs vert&eacute;brales, lombaires, coccygiennes, sciatique, douleurs pendant les rapports, maux de t&ecirc;te, troubles du sommeil, probl\u00e8mes digestifs, perte de moral, d&eacute;pression post-partum&#8230;\n      <strong>L&#8217;ost&eacute;opathe<\/strong> permet d&#8217;aider la femme &agrave; <strong>retrouver son &eacute;quilibre<\/strong> et son bon fonctionnement suite &agrave; ce bouleversement morphologique (la grossesse) et &agrave; cette &eacute;preuve plus ou moins douloureuse qu&#8217;est l&#8217;accouchement.<\/p>\n\t\n","protected":false},"excerpt":{"rendered":"<p>Ost&eacute;opathie p&eacute;ri-natale Pendant la Grossesse L&#8217;ost&eacute;opathie est pr&eacute;conis&eacute; tout au long de la grossesse et apr\u00e8s l&#8217;accouchement. Pendant la grossesse la femme peut souffrir de diverses douleurs\u00a0: vert&eacute;brales, ligamentaires, musculaires, articulaires, sciatiques, digestives, maux t&ecirc;te, contractions, malposition du b&eacute;b&eacute;. L&#8217;ost&eacute;opathe permet alors, par des techniques douces, d&#8217;harmoniser l&#8217;&eacute;quilibre entre la future maman et le b&eacute;b&eacute;. &hellip;<\/p>\n<p class=\"read-more\"> <a class=\"\" href=\"https:\/\/osteopathe-divonne.com\/index.php\/grossesse-et-accouchement\/\"> <span class=\"screen-reader-text\">Grossesse et Accouchement<\/span> Read More &raquo;<\/a><\/p>\n","protected":false},"author":1,"featured_media":0,"parent":0,"menu_order":0,"comment_status":"closed","ping_status":"closed","template":"","meta":{"site-sidebar-layout":"default","site-content-layout":"","ast-site-content-layout":"","site-content-style":"default","site-sidebar-style":"default","ast-global-header-display":"","ast-banner-title-visibility":"","ast-main-header-display":"","ast-hfb-above-header-display":"","ast-hfb-below-header-display":"","ast-hfb-mobile-header-display":"","site-post-title":"","ast-breadcrumbs-content":"","ast-featured-img":"","footer-sml-layout":"","theme-transparent-header-meta":"","adv-header-id-meta":"","stick-header-meta":"","header-above-stick-meta":"","header-main-stick-meta":"","header-below-stick-meta":"","astra-migrate-meta-layouts":"","footnotes":""},"class_list":["post-21","page","type-page","status-publish","hentry"],"_links":{"self":[{"href":"https:\/\/osteopathe-divonne.com\/index.php\/wp-json\/wp\/v2\/pages\/21","targetHints":{"allow":["GET"]}}],"collection":[{"href":"https:\/\/osteopathe-divonne.com\/index.php\/wp-json\/wp\/v2\/pages"}],"about":[{"href":"https:\/\/osteopathe-divonne.com\/index.php\/wp-json\/wp\/v2\/types\/page"}],"author":[{"embeddable":true,"href":"https:\/\/osteopathe-divonne.com\/index.php\/wp-json\/wp\/v2\/users\/1"}],"replies":[{"embeddable":true,"href":"https:\/\/osteopathe-divonne.com\/index.php\/wp-json\/wp\/v2\/comments?post=21"}],"version-history":[{"count":1,"href":"https:\/\/osteopathe-divonne.com\/index.php\/wp-json\/wp\/v2\/pages\/21\/revisions"}],"predecessor-version":[{"id":22,"href":"https:\/\/osteopathe-divonne.com\/index.php\/wp-json\/wp\/v2\/pages\/21\/revisions\/22"}],"wp:attachment":[{"href":"https:\/\/osteopathe-divonne.com\/index.php\/wp-json\/wp\/v2\/media?parent=21"}],"curies":[{"name":"wp","href":"https:\/\/api.w.org\/{rel}","templated":true}]}}