{"id":17,"date":"2023-08-31T09:29:47","date_gmt":"2023-08-31T07:29:47","guid":{"rendered":"https:\/\/osteopathe-divonne.com\/?page_id=17"},"modified":"2023-09-20T01:09:56","modified_gmt":"2023-09-19T23:09:56","slug":"quand-consulter","status":"publish","type":"page","link":"https:\/\/osteopathe-divonne.com\/index.php\/quand-consulter\/","title":{"rendered":"Quand Consulter"},"content":{"rendered":"\n<h2>Quand consulter un ost\u00e9opathe?<\/h2>\n<img decoding=\"async\" src=\"\/images\/05-quand-consulter-un-osteopathe.jpg\" style=\"float:right\">\n<strong>L&#8217;ost&eacute;opathie<\/strong> s&#8217;adresse &agrave; tous, <a href=\"\/index.php\/nourrissons\/\">nourrissons<\/a>, <a href=\"\/index.php\/enfants\/\">enfants<\/a>,\n<a href=\"\/index.php\/ados-adultes\/\"><\/a>adultes<\/a>, <a href=\"\/index.php\/femmes-enceintes\/\">femmes enceintes<\/a>, <a href=\"\/index.php\/ostheopathie-du-sport\/\">sportifs<\/a>, personnes \u00e2g&eacute;es&#8230;\n        L&#8217;ost&eacute;opathe adaptera ses techniques en fonction du patient, de son \u00e2ge, de son &eacute;tat physique et &eacute;motionnel.\n<p>Vous pouvez<a href=\"\/index.php\/consultations\/\"> consulter un ost&eacute;opathe<\/a> pour de nombreux probl\u00e8mes: douleurs vert&eacute;brales, articulaires, musculaires, maux t&ecirc;te, troubles digestifs, troubles du sommeil, suite accident, grossesse, apr\u00e8s accouchement, choc &eacute;motionnel&#8230; <\/p>\n","protected":false},"excerpt":{"rendered":"<p>Quand consulter un ost\u00e9opathe? L&#8217;ost&eacute;opathie s&#8217;adresse &agrave; tous, nourrissons, enfants, adultes, femmes enceintes, sportifs, personnes \u00e2g&eacute;es&#8230; L&#8217;ost&eacute;opathe adaptera ses techniques en fonction du patient, de son \u00e2ge, de son &eacute;tat physique et &eacute;motionnel. Vous pouvez consulter un ost&eacute;opathe pour de nombreux probl\u00e8mes: douleurs vert&eacute;brales, articulaires, musculaires, maux t&ecirc;te, troubles digestifs, troubles du sommeil, suite accident, &hellip;<\/p>\n<p class=\"read-more\"> <a class=\"\" href=\"https:\/\/osteopathe-divonne.com\/index.php\/quand-consulter\/\"> <span class=\"screen-reader-text\">Quand Consulter<\/span> Read More &raquo;<\/a><\/p>\n","protected":false},"author":1,"featured_media":0,"parent":0,"menu_order":0,"comment_status":"closed","ping_status":"closed","template":"","meta":{"site-sidebar-layout":"default","site-content-layout":"","ast-site-content-layout":"","site-content-style":"default","site-sidebar-style":"default","ast-global-header-display":"","ast-banner-title-visibility":"","ast-main-header-display":"","ast-hfb-above-header-display":"","ast-hfb-below-header-display":"","ast-hfb-mobile-header-display":"","site-post-title":"","ast-breadcrumbs-content":"","ast-featured-img":"","footer-sml-layout":"","theme-transparent-header-meta":"","adv-header-id-meta":"","stick-header-meta":"","header-above-stick-meta":"","header-main-stick-meta":"","header-below-stick-meta":"","astra-migrate-meta-layouts":"","footnotes":""},"class_list":["post-17","page","type-page","status-publish","hentry"],"_links":{"self":[{"href":"https:\/\/osteopathe-divonne.com\/index.php\/wp-json\/wp\/v2\/pages\/17","targetHints":{"allow":["GET"]}}],"collection":[{"href":"https:\/\/osteopathe-divonne.com\/index.php\/wp-json\/wp\/v2\/pages"}],"about":[{"href":"https:\/\/osteopathe-divonne.com\/index.php\/wp-json\/wp\/v2\/types\/page"}],"author":[{"embeddable":true,"href":"https:\/\/osteopathe-divonne.com\/index.php\/wp-json\/wp\/v2\/users\/1"}],"replies":[{"embeddable":true,"href":"https:\/\/osteopathe-divonne.com\/index.php\/wp-json\/wp\/v2\/comments?post=17"}],"version-history":[{"count":6,"href":"https:\/\/osteopathe-divonne.com\/index.php\/wp-json\/wp\/v2\/pages\/17\/revisions"}],"predecessor-version":[{"id":267,"href":"https:\/\/osteopathe-divonne.com\/index.php\/wp-json\/wp\/v2\/pages\/17\/revisions\/267"}],"wp:attachment":[{"href":"https:\/\/osteopathe-divonne.com\/index.php\/wp-json\/wp\/v2\/media?parent=17"}],"curies":[{"name":"wp","href":"https:\/\/api.w.org\/{rel}","templated":true}]}}